{"id":1293,"date":"2023-02-18T12:51:50","date_gmt":"2023-02-18T11:51:50","guid":{"rendered":"https:\/\/www.michvid.de\/WP\/?page_id=1293"},"modified":"2024-09-16T15:31:42","modified_gmt":"2024-09-16T13:31:42","slug":"archiv-was-hier-schon-stand","status":"publish","type":"page","link":"https:\/\/www.michvid.de\/WP\/archiv-was-hier-schon-stand\/","title":{"rendered":"Archiv &#8211; was hier schon stand"},"content":{"rendered":"<p>&nbsp;<\/p>\r\n<ul class=\"wp-block-latest-posts__list wp-block-latest-posts\"><li><a class=\"wp-block-latest-posts__post-title\" href=\"https:\/\/www.michvid.de\/WP\/2026\/02\/16\/260218-racoon\/\">Kein Zutritt f\u00fcr Waschb\u00e4ren  \ud83e\udd94<\/a><\/li>\n<li><a class=\"wp-block-latest-posts__post-title\" href=\"https:\/\/www.michvid.de\/WP\/2026\/02\/16\/260218\/\">Hungrig, dennoch vorsichtig \ud83d\ude39<\/a><\/li>\n<li><a class=\"wp-block-latest-posts__post-title\" href=\"https:\/\/www.michvid.de\/WP\/2026\/01\/17\/ne-kleine-katze-%f0%9f%98%b9passt-auch-ins-igelfutterhaus\/\">Ne kleine Katze \ud83d\ude39passt auch ins Igelfutterhaus &#8230;<\/a><\/li>\n<li><a class=\"wp-block-latest-posts__post-title\" href=\"https:\/\/www.michvid.de\/WP\/2024\/09\/16\/september-2024\/\">September 2024&#8230;<\/a><\/li>\n<li><a class=\"wp-block-latest-posts__post-title\" href=\"https:\/\/www.michvid.de\/WP\/2023\/08\/20\/mit-regina-und-kurt-2019-um-den-scharmuetzelsee\/\">Mit Regina und Kurt 2019 um den Scharm\u00fctzelsee<\/a><\/li>\n<li><a class=\"wp-block-latest-posts__post-title\" href=\"https:\/\/www.michvid.de\/WP\/2023\/06\/20\/marlis-2023er-geburtstag\/\">Gesch\u00fctzt: Marlis 2023er Geburtstag<\/a><\/li>\n<li><a class=\"wp-block-latest-posts__post-title\" href=\"https:\/\/www.michvid.de\/WP\/2023\/04\/23\/bewegung-vorm-igelhaus\/\">Bewegung vorm Igelhaus &#8230;<\/a><\/li>\n<li><a class=\"wp-block-latest-posts__post-title\" href=\"https:\/\/www.michvid.de\/WP\/2023\/04\/17\/am-16-04-23-in-st-michael\/\">Am 16.04.23 in St. Michael in Woltersdorf<\/a><\/li>\n<li><a class=\"wp-block-latest-posts__post-title\" href=\"https:\/\/www.michvid.de\/WP\/2023\/02\/24\/meiner-ist-der-erste-des-jahres\/\">Gesch\u00fctzt: Meiner ist der Erste des Jahres \ud83d\ude09<\/a><\/li>\n<li><a class=\"wp-block-latest-posts__post-title\" href=\"https:\/\/www.michvid.de\/WP\/2023\/02\/17\/der-ausblick\/\">Gesch\u00fctzt: Da kann man mal sehen &#8230;<\/a><\/li>\n<li><a class=\"wp-block-latest-posts__post-title\" href=\"https:\/\/www.michvid.de\/WP\/2022\/10\/03\/rani-ben-nachum-ortner\/\">Gesch\u00fctzt: Rani Ben Nachum Ortner zu Gast bei uns in Fredersdorf<\/a><\/li>\n<li><a class=\"wp-block-latest-posts__post-title\" href=\"https:\/\/www.michvid.de\/WP\/2022\/10\/03\/unser-brunnen\/\">Unser Brunnen<\/a><\/li>\n<li><a class=\"wp-block-latest-posts__post-title\" href=\"https:\/\/www.michvid.de\/WP\/2022\/08\/01\/siefried-hatte-zu-seinem-80-geladen\/\">Gesch\u00fctzt: Siefried hatte zu seinem 80. geladen &#8230;<\/a><\/li>\n<li><a class=\"wp-block-latest-posts__post-title\" href=\"https:\/\/www.michvid.de\/WP\/2022\/07\/28\/mit-marlis-zum-chamisso-cafe\/\">Mit Marlis zum Chamisso-Caf\u00e9<\/a><\/li>\n<li><a class=\"wp-block-latest-posts__post-title\" href=\"https:\/\/www.michvid.de\/WP\/2022\/07\/28\/mit-rene-zur-neueroeffneten-europabruecke\/\">Mit Ren\u00e9 zur neuer\u00f6ffneten Europabr\u00fccke<\/a><\/li>\n<li><a class=\"wp-block-latest-posts__post-title\" href=\"https:\/\/www.michvid.de\/WP\/2022\/07\/28\/meine-schwester-ist-gegangen\/\">Meine Schwester ist gegangen<\/a><\/li>\n<li><a class=\"wp-block-latest-posts__post-title\" href=\"https:\/\/www.michvid.de\/WP\/2022\/07\/27\/im-mai-mit-dem-fahrrad-in-goehren-auf-ruegen\/\">Im Mai mit dem Fahrrad in G\u00f6hren auf R\u00fcgen<\/a><\/li>\n<li><a class=\"wp-block-latest-posts__post-title\" href=\"https:\/\/www.michvid.de\/WP\/2022\/07\/26\/2018-in-norddeich\/\">2018 in Norddeich<\/a><\/li>\n<li><a class=\"wp-block-latest-posts__post-title\" href=\"https:\/\/www.michvid.de\/WP\/2022\/07\/26\/havelradweg-im-juni-2017\/\">Havelradweg im Juni 2017<\/a><\/li>\n<li><a class=\"wp-block-latest-posts__post-title\" href=\"https:\/\/www.michvid.de\/WP\/2022\/07\/26\/jan-2007-im-hotel-waldsee\/\">Jan 2007 im Hotel Wald&#038;See &#8230;<\/a><\/li>\n<li><a class=\"wp-block-latest-posts__post-title\" href=\"https:\/\/www.michvid.de\/WP\/2022\/07\/25\/2016-radtour-durch-mol-mit-regina-und-kurt\/\">2016 &#8211; -Radtour durch MOL mit Regina und Kurt<\/a><\/li>\n<li><a class=\"wp-block-latest-posts__post-title\" href=\"https:\/\/www.michvid.de\/WP\/2022\/07\/25\/wien-2005\/\">Gesch\u00fctzt: Wien 2005<\/a><\/li>\n<li><a class=\"wp-block-latest-posts__post-title\" href=\"https:\/\/www.michvid.de\/WP\/2022\/07\/25\/projektteam-laa2000\/\">Projektteam LAA2000<\/a><\/li>\n<li><a class=\"wp-block-latest-posts__post-title\" href=\"https:\/\/www.michvid.de\/WP\/2022\/06\/06\/bilder-von-der-rennbahn-in-hoppelgarten\/\">Bilder von der Rennbahn in Hoppe(l)garten<\/a><\/li>\n<li><a class=\"wp-block-latest-posts__post-title\" href=\"https:\/\/www.michvid.de\/WP\/2022\/06\/06\/marlis-2022er\/\">Gesch\u00fctzt: Marlis 2022er<\/a><\/li>\n<li><a class=\"wp-block-latest-posts__post-title\" href=\"https:\/\/www.michvid.de\/WP\/2022\/04\/18\/ostern-2022\/\">Gesch\u00fctzt: Ostern in Familie 2022<\/a><\/li>\n<li><a class=\"wp-block-latest-posts__post-title\" href=\"https:\/\/www.michvid.de\/WP\/2021\/12\/19\/weihnachtskonzert-mit-leona-heine\/\">Weihnachtskonzert mit Leona Heine &#8230;<\/a><\/li>\n<li><a class=\"wp-block-latest-posts__post-title\" href=\"https:\/\/www.michvid.de\/WP\/2021\/11\/08\/waschbaeren\/\">Waschb\u00e4ren und Igel<\/a><\/li>\n<li><a class=\"wp-block-latest-posts__post-title\" href=\"https:\/\/www.michvid.de\/WP\/2021\/07\/03\/reithalle-im-saloon\/\">Reithalle im Saloon &#8230;<\/a><\/li>\n<li><a class=\"wp-block-latest-posts__post-title\" href=\"https:\/\/www.michvid.de\/WP\/2021\/03\/05\/mein-freund-boris\/\">Mein Freund Boris<\/a><\/li>\n<li><a class=\"wp-block-latest-posts__post-title\" href=\"https:\/\/www.michvid.de\/WP\/2021\/02\/24\/was-isn\/\">Was is&#8217;n<\/a><\/li>\n<li><a class=\"wp-block-latest-posts__post-title\" href=\"https:\/\/www.michvid.de\/WP\/2021\/02\/14\/blick\/\">Ich blick Dich an<\/a><\/li>\n<li><a class=\"wp-block-latest-posts__post-title\" href=\"https:\/\/www.michvid.de\/WP\/2021\/01\/25\/immer-am-bach\/\">Immer am Bach &#8230;<\/a><\/li>\n<li><a class=\"wp-block-latest-posts__post-title\" href=\"https:\/\/www.michvid.de\/WP\/2021\/01\/19\/minous-medizin\/\">Minou&#8217;s Medizin<\/a><\/li>\n<li><a class=\"wp-block-latest-posts__post-title\" href=\"https:\/\/www.michvid.de\/WP\/2021\/01\/18\/winterwanderung-muehlenfliess\/\">Winterwanderung M\u00fchlenflie\u00df<\/a><\/li>\n<li><a class=\"wp-block-latest-posts__post-title\" href=\"https:\/\/www.michvid.de\/WP\/2021\/01\/18\/videotest\/\">Br\u00fccke fehlt!<\/a><\/li>\n<li><a class=\"wp-block-latest-posts__post-title\" href=\"https:\/\/www.michvid.de\/WP\/2020\/12\/20\/goldene-hochzeit-am-19-dezember-2020\/\">Gesch\u00fctzt: Goldene Hochzeit am 19. Dezember 2020<\/a><\/li>\n<li><a class=\"wp-block-latest-posts__post-title\" href=\"https:\/\/www.michvid.de\/WP\/2020\/12\/01\/die-neue-minou\/\">Die Neue &#8211; Minou<\/a><\/li>\n<li><a class=\"wp-block-latest-posts__post-title\" href=\"https:\/\/www.michvid.de\/WP\/2019\/06\/23\/emmi-in-fredersdorf\/\">Emmi in Fredersdorf<\/a><\/li>\n<li><a class=\"wp-block-latest-posts__post-title\" href=\"https:\/\/www.michvid.de\/WP\/2019\/05\/23\/ab-sofort-in-privatpflege\/\">Ab sofort in Privatpflege<\/a><\/li>\n<li><a class=\"wp-block-latest-posts__post-title\" href=\"https:\/\/www.michvid.de\/WP\/2018\/12\/23\/kater-felix\/\">Kater Felix<\/a><\/li>\n<\/ul>","protected":false},"excerpt":{"rendered":"<p>&nbsp;<\/p>\n","protected":false},"author":1,"featured_media":0,"parent":0,"menu_order":0,"comment_status":"closed","ping_status":"closed","template":"","meta":{"ngg_post_thumbnail":0,"footnotes":""},"class_list":["post-1293","page","type-page","status-publish","hentry"],"_links":{"self":[{"href":"https:\/\/www.michvid.de\/WP\/wp-json\/wp\/v2\/pages\/1293","targetHints":{"allow":["GET"]}}],"collection":[{"href":"https:\/\/www.michvid.de\/WP\/wp-json\/wp\/v2\/pages"}],"about":[{"href":"https:\/\/www.michvid.de\/WP\/wp-json\/wp\/v2\/types\/page"}],"author":[{"embeddable":true,"href":"https:\/\/www.michvid.de\/WP\/wp-json\/wp\/v2\/users\/1"}],"replies":[{"embeddable":true,"href":"https:\/\/www.michvid.de\/WP\/wp-json\/wp\/v2\/comments?post=1293"}],"version-history":[{"count":3,"href":"https:\/\/www.michvid.de\/WP\/wp-json\/wp\/v2\/pages\/1293\/revisions"}],"predecessor-version":[{"id":1307,"href":"https:\/\/www.michvid.de\/WP\/wp-json\/wp\/v2\/pages\/1293\/revisions\/1307"}],"wp:attachment":[{"href":"https:\/\/www.michvid.de\/WP\/wp-json\/wp\/v2\/media?parent=1293"}],"curies":[{"name":"wp","href":"https:\/\/api.w.org\/{rel}","templated":true}]}}